{"id":11,"date":"2015-01-20T19:41:11","date_gmt":"2015-01-20T19:41:11","guid":{"rendered":"http:\/\/slitcon.com\/slitting-consulting\/?page_id=11"},"modified":"2024-09-27T10:27:36","modified_gmt":"2024-09-27T10:27:36","slug":"schneidverfahren","status":"publish","type":"page","link":"https:\/\/slitcon.com\/slitting-consulting\/dienstleistungen\/schneidverfahren\/","title":{"rendered":"Schneidverfahren"},"content":{"rendered":"\n<div class=\"wp-block-columns is-layout-flex wp-container-core-columns-is-layout-9d6595d7 wp-block-columns-is-layout-flex\">\n<div class=\"wp-block-column is-layout-flow wp-block-column-is-layout-flow\">\n<h4 class=\"wp-block-heading\"><span style=\"color: #000000;\">Wir kennen fast alle Schneidverfahren, auch die Au\u00dfergew\u00f6hnlichsten!!!<\/span><\/h4>\n\n\n\n<p><span style=\"color: #333333;\">Und wenn wir einmal nicht weiter wissen, empfehlen wir Ihnen den f\u00fcr Ihre Fragestellung passenden Experten aus unserem internationalen Netzwerk.<\/span><\/p>\n<\/div>\n\n\n\n<div class=\"wp-block-column is-layout-flow wp-block-column-is-layout-flow\">\n<p><iframe loading=\"lazy\" src=\"https:\/\/slitcon.com\/slitting-consulting\/schneidverfahren\/slitcon-biber_HTML5_Canvas.html\" width=\"500\" height=\"230\" frameborder=\"0\"><\/iframe><\/p>\n<\/div>\n<\/div>\n\n\n\n<div style=\"height:25px\" aria-hidden=\"true\" class=\"wp-block-spacer\"><\/div>\n\n\n\n<p><strong><span style=\"color: #333333;\">Eine kleine Auswahl von verschiedenen Schneidverfahren:<\/span><\/strong><\/p>\n\n\n\n<div class=\"wp-block-columns is-layout-flex wp-container-core-columns-is-layout-9d6595d7 wp-block-columns-is-layout-flex\">\n<div class=\"wp-block-column is-layout-flow wp-block-column-is-layout-flow\">\n<ul class=\"wp-block-list\">\n<li><span style=\"color: #333333;\">Scherenschnitt<\/span><\/li>\n\n\n\n<li><span style=\"color: #333333;\">Rollscherenschnitt<\/span><\/li>\n\n\n\n<li><span style=\"color: #333333;\">Quetschschnitt<\/span><\/li>\n\n\n\n<li><span style=\"color: #333333;\">Berstschnitt<\/span><\/li>\n\n\n\n<li><span style=\"color: #333333;\">Klingenschnitt<\/span><\/li>\n\n\n\n<li><span style=\"color: #333333;\">Ultraschallschnitt<\/span><\/li>\n\n\n\n<li><span style=\"color: #333333;\">Laserschnitt<\/span><\/li>\n\n\n\n<li><span style=\"color: #333333;\">Wasserstrahlschnitt<\/span><\/li>\n\n\n\n<li><span style=\"color: #333333;\">Non Compression Cut<\/span><\/li>\n<\/ul>\n<\/div>\n\n\n\n<div class=\"wp-block-column is-layout-flow wp-block-column-is-layout-flow\">\n<ul class=\"wp-block-list\">\n<li><span style=\"color: #333333;\">Kiss-Cut<\/span><\/li>\n\n\n\n<li><span style=\"color: #333333;\">Micro Slit<\/span><\/li>\n\n\n\n<li><span style=\"color: #333333;\">Hei\u00dfschnitt<\/span><\/li>\n\n\n\n<li><span style=\"color: #333333;\">Beheizter Schnitt<\/span><\/li>\n\n\n\n<li><span style=\"color: #333333;\">Perforationsschnitt<\/span><\/li>\n\n\n\n<li><span style=\"color: #333333;\">Siegeln<\/span><\/li>\n\n\n\n<li><span style=\"color: #333333;\">R\u00e4ndeln<\/span><\/li>\n\n\n\n<li><span style=\"color: #333333;\">Rillieren<\/span><\/li>\n<\/ul>\n<\/div>\n<\/div>\n","protected":false},"excerpt":{"rendered":"<p>Wir kennen fast alle Schneidverfahren, auch die Au\u00dfergew\u00f6hnlichsten!!! Und wenn wir einmal nicht weiter wissen, empfehlen wir Ihnen den f\u00fcr Ihre Fragestellung passenden Experten aus unserem internationalen Netzwerk. Eine kleine Auswahl von verschiedenen Schneidverfahren:<\/p>\n","protected":false},"author":1,"featured_media":0,"parent":8,"menu_order":0,"comment_status":"closed","ping_status":"closed","template":"","meta":{"footnotes":""},"class_list":["post-11","page","type-page","status-publish"],"_links":{"self":[{"href":"https:\/\/slitcon.com\/slitting-consulting\/wp-json\/wp\/v2\/pages\/11","targetHints":{"allow":["GET"]}}],"collection":[{"href":"https:\/\/slitcon.com\/slitting-consulting\/wp-json\/wp\/v2\/pages"}],"about":[{"href":"https:\/\/slitcon.com\/slitting-consulting\/wp-json\/wp\/v2\/types\/page"}],"author":[{"embeddable":true,"href":"https:\/\/slitcon.com\/slitting-consulting\/wp-json\/wp\/v2\/users\/1"}],"replies":[{"embeddable":true,"href":"https:\/\/slitcon.com\/slitting-consulting\/wp-json\/wp\/v2\/comments?post=11"}],"version-history":[{"count":54,"href":"https:\/\/slitcon.com\/slitting-consulting\/wp-json\/wp\/v2\/pages\/11\/revisions"}],"predecessor-version":[{"id":610,"href":"https:\/\/slitcon.com\/slitting-consulting\/wp-json\/wp\/v2\/pages\/11\/revisions\/610"}],"up":[{"embeddable":true,"href":"https:\/\/slitcon.com\/slitting-consulting\/wp-json\/wp\/v2\/pages\/8"}],"wp:attachment":[{"href":"https:\/\/slitcon.com\/slitting-consulting\/wp-json\/wp\/v2\/media?parent=11"}],"curies":[{"name":"wp","href":"https:\/\/api.w.org\/{rel}","templated":true}]}}