{"id":2,"date":"2015-01-19T18:15:12","date_gmt":"2015-01-19T18:15:12","guid":{"rendered":"http:\/\/slitcon.com\/slitting-consulting\/?page_id=2"},"modified":"2024-09-26T08:28:52","modified_gmt":"2024-09-26T08:28:52","slug":"beispiel-seite","status":"publish","type":"page","link":"https:\/\/slitcon.com\/slitting-consulting","title":{"rendered":"\u00dcber SlitCon"},"content":{"rendered":"\n<div class=\"wp-block-media-text is-stacked-on-mobile\"><figure class=\"wp-block-media-text__media\"><img loading=\"lazy\" decoding=\"async\" width=\"800\" height=\"518\" src=\"https:\/\/slitcon.com\/slitting-consulting\/wp-content\/uploads\/2020\/07\/Unser-Ehrgeiz_Slitcon.jpg\" alt=\"Unser Ehrgeiz Slitcon\" class=\"wp-image-334 size-full\" srcset=\"https:\/\/slitcon.com\/slitting-consulting\/wp-content\/uploads\/2020\/07\/Unser-Ehrgeiz_Slitcon.jpg 800w, https:\/\/slitcon.com\/slitting-consulting\/wp-content\/uploads\/2020\/07\/Unser-Ehrgeiz_Slitcon-300x194.jpg 300w, https:\/\/slitcon.com\/slitting-consulting\/wp-content\/uploads\/2020\/07\/Unser-Ehrgeiz_Slitcon-768x497.jpg 768w\" sizes=\"auto, (max-width: 800px) 100vw, 800px\" \/><\/figure><div class=\"wp-block-media-text__content\">\n<h2 class=\"wp-block-heading\"><span style=\"color: #000000;\">Die Erfahrung z\u00e4hlt !<\/span><\/h2>\n\n\n\n<p><span style=\"color: #333333;\">Wir sind klein, flink und spezialisiert. Und mit zielgerichteter Unterst\u00fctzung an der richtigen Stelle bewirken wir gro\u00dfe Ver\u00e4nderungen und leisten wichtige Beitr\u00e4ge f\u00fcr Ihren Erfolg.<\/span><\/p>\n<\/div><\/div>\n\n\n\n<div class=\"wp-block-columns is-layout-flex wp-container-core-columns-is-layout-9d6595d7 wp-block-columns-is-layout-flex\">\n<div class=\"wp-block-column is-layout-flow wp-block-column-is-layout-flow\">\n<p><span style=\"color: #333333;\">Unser Metier ist die Schneidtechnik und alles was darauf Einfluss hat. Dies k\u00f6nnen unter anderem die Randstreifenabsaugung, die Breitstreckwalze, schwankende Bahnz\u00fcge und vieles mehr sein. Auch bei der Auswahl des richtigen Schneidverfahrens sind wir Ihnen gerne behilflich und f\u00fchren bei Bedarf Schneidtests mit folgenden Schneidverfahren durch.<\/span><\/p>\n\n\n\n<p><span style=\"color: #333333;\"><strong>Mechanische Schneidverfahren:<\/strong><\/span><br><span style=\"color: #333333;\">Scherenschnitt, TT-Cut, Quetschschnitt, Berstschnitt, Rasierklingenschnitt, Perforation, Rotationsquerschnitt.<\/span><\/p>\n<\/div>\n\n\n\n<div class=\"wp-block-column is-layout-flow wp-block-column-is-layout-flow\">\n<p><span style=\"color: #333333;\"><strong>Sonstige Schneidverfahren:<\/strong><\/span><br><span style=\"color: #333333;\">Wasserstrahlschneiden, ultraschallunterst\u00fctztes Schneiden, Laserschneiden, Hei\u00dfschnitt, \u2026<\/span><\/p>\n\n\n\n<p><span style=\"color: #333333;\">Sie bekommen von uns langj\u00e4hrig erfahrene und gestandene Praktiker, die Erfahrungen mit den f\u00fchrenden Schneidanlagenherstellern, Maschinenbauern und nat\u00fcrlich unseren Kunden, erworben haben.Damit erhalten Sie von uns Wissen aus erster Hand.<\/span><\/p>\n<\/div>\n<\/div>\n\n\n\n<p><\/p>\n\n\n\n<p><span style=\"color: #333333;\">Fordern Sie uns heraus. <strong>Ihre Probleme m\u00f6chten wir gerne haben!<\/strong><\/span><\/p>\n","protected":false},"excerpt":{"rendered":"<p>Die Erfahrung z\u00e4hlt ! Wir sind klein, flink und spezialisiert. Und mit zielgerichteter Unterst\u00fctzung an der richtigen Stelle bewirken wir gro\u00dfe Ver\u00e4nderungen und leisten wichtige Beitr\u00e4ge f\u00fcr Ihren Erfolg. Unser Metier ist die Schneidtechnik und alles was darauf Einfluss hat. Dies k\u00f6nnen unter anderem die Randstreifenabsaugung, die Breitstreckwalze, schwankende Bahnz\u00fcge und vieles mehr sein. Auch bei der Auswahl des richtigen Schneidverfahrens sind wir Ihnen gerne behilflich und f\u00fchren bei Bedarf Schneidtests mit folgenden Schneidverfahren durch. Mechanische Schneidverfahren:Scherenschnitt, TT-Cut, Quetschschnitt, Berstschnitt, Rasierklingenschnitt, Perforation, Rotationsquerschnitt. Sonstige Schneidverfahren:Wasserstrahlschneiden, ultraschallunterst\u00fctztes Schneiden, Laserschneiden, Hei\u00dfschnitt, \u2026 Sie bekommen von uns langj\u00e4hrig erfahrene und gestandene Praktiker, die Erfahrungen mit den f\u00fchrenden Schneidanlagenherstellern, Maschinenbauern und nat\u00fcrlich unseren Kunden, erworben haben.Damit erhalten Sie von uns Wissen aus erster Hand. Fordern Sie uns heraus. Ihre Probleme m\u00f6chten wir gerne haben!<\/p>\n","protected":false},"author":1,"featured_media":52,"parent":0,"menu_order":0,"comment_status":"closed","ping_status":"closed","template":"","meta":{"footnotes":""},"class_list":["post-2","page","type-page","status-publish","has-post-thumbnail"],"_links":{"self":[{"href":"https:\/\/slitcon.com\/slitting-consulting\/wp-json\/wp\/v2\/pages\/2","targetHints":{"allow":["GET"]}}],"collection":[{"href":"https:\/\/slitcon.com\/slitting-consulting\/wp-json\/wp\/v2\/pages"}],"about":[{"href":"https:\/\/slitcon.com\/slitting-consulting\/wp-json\/wp\/v2\/types\/page"}],"author":[{"embeddable":true,"href":"https:\/\/slitcon.com\/slitting-consulting\/wp-json\/wp\/v2\/users\/1"}],"replies":[{"embeddable":true,"href":"https:\/\/slitcon.com\/slitting-consulting\/wp-json\/wp\/v2\/comments?post=2"}],"version-history":[{"count":17,"href":"https:\/\/slitcon.com\/slitting-consulting\/wp-json\/wp\/v2\/pages\/2\/revisions"}],"predecessor-version":[{"id":567,"href":"https:\/\/slitcon.com\/slitting-consulting\/wp-json\/wp\/v2\/pages\/2\/revisions\/567"}],"wp:featuredmedia":[{"embeddable":true,"href":"https:\/\/slitcon.com\/slitting-consulting\/wp-json\/wp\/v2\/media\/52"}],"wp:attachment":[{"href":"https:\/\/slitcon.com\/slitting-consulting\/wp-json\/wp\/v2\/media?parent=2"}],"curies":[{"name":"wp","href":"https:\/\/api.w.org\/{rel}","templated":true}]}}