{"id":24,"date":"2015-01-23T16:56:32","date_gmt":"2015-01-23T16:56:32","guid":{"rendered":"http:\/\/slitcon.com\/slitting-consulting\/?page_id=24"},"modified":"2024-09-30T08:24:02","modified_gmt":"2024-09-30T08:24:02","slug":"schulung-und-schneidseminar","status":"publish","type":"page","link":"https:\/\/slitcon.com\/slitting-consulting\/dienstleistungen\/schulung-und-schneidseminar\/","title":{"rendered":"Schulung und Schneidseminar"},"content":{"rendered":"\n<div class=\"wp-block-media-text is-stacked-on-mobile\"><figure class=\"wp-block-media-text__media\"><img loading=\"lazy\" decoding=\"async\" width=\"1024\" height=\"576\" src=\"https:\/\/slitcon.com\/slitting-consulting\/wp-content\/uploads\/2024\/09\/Slitcon-Schulungen-1024x576.jpg\" alt=\"\" class=\"wp-image-563 size-full\" srcset=\"https:\/\/slitcon.com\/slitting-consulting\/wp-content\/uploads\/2024\/09\/Slitcon-Schulungen-1024x576.jpg 1024w, https:\/\/slitcon.com\/slitting-consulting\/wp-content\/uploads\/2024\/09\/Slitcon-Schulungen-300x169.jpg 300w, https:\/\/slitcon.com\/slitting-consulting\/wp-content\/uploads\/2024\/09\/Slitcon-Schulungen-768x432.jpg 768w, https:\/\/slitcon.com\/slitting-consulting\/wp-content\/uploads\/2024\/09\/Slitcon-Schulungen.jpg 1366w\" sizes=\"auto, (max-width: 1024px) 100vw, 1024px\" \/><\/figure><div class=\"wp-block-media-text__content\">\n<h4 class=\"wp-block-heading\"><span style=\"color: #000000;\">Probleme l\u00f6sen, Erfahrungen weitergeben<\/span><\/h4>\n\n\n\n<p><span style=\"color: #333333;\">Vielf\u00e4ltige und komplexe Zusammenh\u00e4nge werden leicht verst\u00e4ndlich dargestellt und im pers\u00f6nlichen Dialog erl\u00e4utert.<\/span><\/p>\n<\/div><\/div>\n\n\n\n<div class=\"wp-block-columns is-layout-flex wp-container-core-columns-is-layout-9d6595d7 wp-block-columns-is-layout-flex\">\n<div class=\"wp-block-column is-layout-flow wp-block-column-is-layout-flow\">\n<p><span style=\"color: #333333;\"><span lang=\"en-GB\"><strong>Das bedeutet<\/strong><\/span><em><span lang=\"en-GB\"><strong>:<\/strong><\/span><\/em><\/span><\/p>\n\n\n\n<ol class=\"wp-block-list\">\n<li><span style=\"color: #333333;\">bessere Qualit\u00e4t<\/span><\/li>\n\n\n\n<li><span style=\"color: #333333;\">bessere Produktivit\u00e4t<\/span><\/li>\n\n\n\n<li><span style=\"color: #333333;\">geringerer Verschlei\u00df<\/span><\/li>\n\n\n\n<li><span style=\"color: #333333;\">optimierte Einstellparameter<\/span><\/li>\n\n\n\n<li><span style=\"color: #333333;\">rechtzeitiges erkennen von Fehlern und Einleitung der richtigen Gegenma\u00dfnahmen<\/span><\/li>\n\n\n\n<li>Inspirationen f\u00fcr nachhaltiges Wirtschaften<\/li>\n<\/ol>\n<\/div>\n\n\n\n<div class=\"wp-block-column is-layout-flow wp-block-column-is-layout-flow\">\n<p><span style=\"color: #333333;\">In unseren Seminaren Schneidtechnik und Wickeltechnik, soll das Prozesswissen vermitteln, das erforderlich ist, um jede Herausforderung beim Auf-, Abwickeln oder Schneiden zu meistern. In den Seminaren werden bestehende Wickel- und Schneidprozesse erl\u00e4utert, so dass unsere Teilnehmer sie optimieren und Ineffizienzen durch die sofortige Anwendung bew\u00e4hrter Verfahren verringern k\u00f6nnen.<\/span><\/p>\n<\/div>\n<\/div>\n\n\n\n<p><span style=\"color: #333333;\"><a style=\"color: #333333;\" title=\"Contact\" href=\"https:\/\/slitcon.com\/slitting-consulting\/?page_id=38\">Fordern Sie hier unsere Schulungs\u00fcbersicht an!<\/a><\/span><\/p>\n\n\n\n<p><span style=\"color: #333333;\">Ver\u00e4nderungen m\u00fcssen Verbesserungen bringen und keine neuen Barrieren im Umgang mit Technologie. Dies setzt einen reibungslosen Umgang mit Anwendungen und Systemen voraus. Deshalb bieten wir Ihren Mitarbeitern praxisnahe Schulungen an.<\/span><\/p>\n","protected":false},"excerpt":{"rendered":"<p>Probleme l\u00f6sen, Erfahrungen weitergeben Vielf\u00e4ltige und komplexe Zusammenh\u00e4nge werden leicht verst\u00e4ndlich dargestellt und im pers\u00f6nlichen Dialog erl\u00e4utert. Das bedeutet: In unseren Seminaren Schneidtechnik und Wickeltechnik, soll das Prozesswissen vermitteln, das erforderlich ist, um jede Herausforderung beim Auf-, Abwickeln oder Schneiden zu meistern. In den Seminaren werden bestehende Wickel- und Schneidprozesse erl\u00e4utert, so dass unsere Teilnehmer sie optimieren und Ineffizienzen durch die sofortige Anwendung bew\u00e4hrter Verfahren verringern k\u00f6nnen. Fordern Sie hier unsere Schulungs\u00fcbersicht an! Ver\u00e4nderungen m\u00fcssen Verbesserungen bringen und keine neuen Barrieren im Umgang mit Technologie. Dies setzt einen reibungslosen Umgang mit Anwendungen und Systemen voraus. Deshalb bieten wir Ihren Mitarbeitern praxisnahe Schulungen an.<\/p>\n","protected":false},"author":1,"featured_media":0,"parent":8,"menu_order":0,"comment_status":"closed","ping_status":"closed","template":"","meta":{"footnotes":""},"class_list":["post-24","page","type-page","status-publish"],"_links":{"self":[{"href":"https:\/\/slitcon.com\/slitting-consulting\/wp-json\/wp\/v2\/pages\/24","targetHints":{"allow":["GET"]}}],"collection":[{"href":"https:\/\/slitcon.com\/slitting-consulting\/wp-json\/wp\/v2\/pages"}],"about":[{"href":"https:\/\/slitcon.com\/slitting-consulting\/wp-json\/wp\/v2\/types\/page"}],"author":[{"embeddable":true,"href":"https:\/\/slitcon.com\/slitting-consulting\/wp-json\/wp\/v2\/users\/1"}],"replies":[{"embeddable":true,"href":"https:\/\/slitcon.com\/slitting-consulting\/wp-json\/wp\/v2\/comments?post=24"}],"version-history":[{"count":45,"href":"https:\/\/slitcon.com\/slitting-consulting\/wp-json\/wp\/v2\/pages\/24\/revisions"}],"predecessor-version":[{"id":680,"href":"https:\/\/slitcon.com\/slitting-consulting\/wp-json\/wp\/v2\/pages\/24\/revisions\/680"}],"up":[{"embeddable":true,"href":"https:\/\/slitcon.com\/slitting-consulting\/wp-json\/wp\/v2\/pages\/8"}],"wp:attachment":[{"href":"https:\/\/slitcon.com\/slitting-consulting\/wp-json\/wp\/v2\/media?parent=24"}],"curies":[{"name":"wp","href":"https:\/\/api.w.org\/{rel}","templated":true}]}}