{"id":27,"date":"2015-01-23T16:57:59","date_gmt":"2015-01-23T16:57:59","guid":{"rendered":"http:\/\/slitcon.com\/slitting-consulting\/?page_id=27"},"modified":"2024-09-30T08:40:04","modified_gmt":"2024-09-30T08:40:04","slug":"prozessanalyse","status":"publish","type":"page","link":"https:\/\/slitcon.com\/slitting-consulting\/dienstleistungen\/prozessanalyse\/","title":{"rendered":"Prozessanalyse"},"content":{"rendered":"\n<div class=\"wp-block-media-text is-stacked-on-mobile\"><figure class=\"wp-block-media-text__media\"><img loading=\"lazy\" decoding=\"async\" width=\"400\" height=\"300\" src=\"https:\/\/slitcon.com\/slitting-consulting\/wp-content\/uploads\/2015\/01\/slitcon-auf-den-grund.jpg\" alt=\"\" class=\"wp-image-28 size-full\" srcset=\"https:\/\/slitcon.com\/slitting-consulting\/wp-content\/uploads\/2015\/01\/slitcon-auf-den-grund.jpg 400w, https:\/\/slitcon.com\/slitting-consulting\/wp-content\/uploads\/2015\/01\/slitcon-auf-den-grund-300x225.jpg 300w\" sizes=\"auto, (max-width: 400px) 100vw, 400px\" \/><\/figure><div class=\"wp-block-media-text__content\">\n<h4 class=\"wp-block-heading\"><span style=\"color: #000000;\"><strong>&#8222;<\/strong>Wir gehen der Sache auf den Grund!&#8220;<\/span><\/h4>\n<\/div><\/div>\n\n\n\n<p class=\"input\">Wir unterst\u00fctzen Sie auch bei der Problemanalyse, sowie bei KVP und Anlagenbegutachtungen.<\/p>\n\n\n\n<p class=\"input\">In der heutigen schnelllebigen Gesch\u00e4ftswelt ist es unerl\u00e4sslich, Probleme fr\u00fchzeitig zu identifizieren und effektive L\u00f6sungen zu entwickeln. Unser Team bietet Ihnen umfassende Unterst\u00fctzung bei der Problemanalyse, um die Ursachen von Herausforderungen in Ihren Prozessen und Anlagen zu ermitteln. Durch eine systematische Untersuchung helfen wir Ihnen, Schwachstellen zu erkennen und geeignete Ma\u00dfnahmen zu ergreifen.<\/p>\n\n\n\n<p class=\"input\">Zus\u00e4tzlich unterst\u00fctzen wir Sie beim kontinuierlichen Verbesserungsprozess (KVP). KVP ist ein entscheidender Ansatz zur Steigerung der Effizienz und Qualit\u00e4t in Ihrem Unternehmen. Unsere Experten arbeiten eng mit Ihnen zusammen, um Verbesserungspotenziale zu identifizieren und umzusetzen. Dabei f\u00f6rdern wir eine Kultur der st\u00e4ndigen Verbesserung, die sowohl Mitarbeiter als auch F\u00fchrungskr\u00e4fte einbezieht.<\/p>\n\n\n\n<p class=\"input\">Ein weiterer wichtiger Aspekt unserer Dienstleistungen ist die Anlagenbegutachtung. Wir f\u00fchren detaillierte Bewertungen Ihrer Anlagen durch, um zu pr\u00fcfen, ob der Funktionsumfang und die Handhabung optimal auf die Anforderungen Ihres Anwendungsprozesses abgestimmt sind.<\/p>\n\n\n\n<p class=\"input\">F\u00fcr Fragen oder Angebote <strong><a href=\"https:\/\/slitcon.com\/slitting-consulting\/kontakt\/\" data-type=\"page\" data-id=\"38\">kontaktieren<\/a> <\/strong>Sie uns bitte.<br>Wir helfen Ihnen gerne weiter.<\/p>\n\n\n\n<p class=\"input\"><\/p>\n","protected":false},"excerpt":{"rendered":"<p>&#8222;Wir gehen der Sache auf den Grund!&#8220; Wir unterst\u00fctzen Sie auch bei der Problemanalyse, sowie bei KVP und Anlagenbegutachtungen. In der heutigen schnelllebigen Gesch\u00e4ftswelt ist es unerl\u00e4sslich, Probleme fr\u00fchzeitig zu identifizieren und effektive L\u00f6sungen zu entwickeln. Unser Team bietet Ihnen umfassende Unterst\u00fctzung bei der Problemanalyse, um die Ursachen von Herausforderungen in Ihren Prozessen und Anlagen zu ermitteln. Durch eine systematische Untersuchung helfen wir Ihnen, Schwachstellen zu erkennen und geeignete Ma\u00dfnahmen zu ergreifen. Zus\u00e4tzlich unterst\u00fctzen wir Sie beim kontinuierlichen Verbesserungsprozess (KVP). KVP ist ein entscheidender Ansatz zur Steigerung der Effizienz und Qualit\u00e4t in Ihrem Unternehmen. Unsere Experten arbeiten eng mit Ihnen zusammen, um Verbesserungspotenziale zu identifizieren und umzusetzen. Dabei f\u00f6rdern wir eine Kultur der st\u00e4ndigen Verbesserung, die sowohl Mitarbeiter als auch F\u00fchrungskr\u00e4fte einbezieht. Ein weiterer wichtiger Aspekt unserer Dienstleistungen ist die Anlagenbegutachtung. Wir f\u00fchren detaillierte Bewertungen Ihrer Anlagen durch, um zu pr\u00fcfen, ob der Funktionsumfang und die Handhabung optimal auf die&hellip;<\/p>\n<p> <a class=\"more-link\" href=\"https:\/\/slitcon.com\/slitting-consulting\/dienstleistungen\/prozessanalyse\/\">Weiterlesen<\/a><\/p>\n","protected":false},"author":1,"featured_media":0,"parent":8,"menu_order":0,"comment_status":"closed","ping_status":"open","template":"","meta":{"footnotes":""},"class_list":["post-27","page","type-page","status-publish"],"_links":{"self":[{"href":"https:\/\/slitcon.com\/slitting-consulting\/wp-json\/wp\/v2\/pages\/27","targetHints":{"allow":["GET"]}}],"collection":[{"href":"https:\/\/slitcon.com\/slitting-consulting\/wp-json\/wp\/v2\/pages"}],"about":[{"href":"https:\/\/slitcon.com\/slitting-consulting\/wp-json\/wp\/v2\/types\/page"}],"author":[{"embeddable":true,"href":"https:\/\/slitcon.com\/slitting-consulting\/wp-json\/wp\/v2\/users\/1"}],"replies":[{"embeddable":true,"href":"https:\/\/slitcon.com\/slitting-consulting\/wp-json\/wp\/v2\/comments?post=27"}],"version-history":[{"count":32,"href":"https:\/\/slitcon.com\/slitting-consulting\/wp-json\/wp\/v2\/pages\/27\/revisions"}],"predecessor-version":[{"id":689,"href":"https:\/\/slitcon.com\/slitting-consulting\/wp-json\/wp\/v2\/pages\/27\/revisions\/689"}],"up":[{"embeddable":true,"href":"https:\/\/slitcon.com\/slitting-consulting\/wp-json\/wp\/v2\/pages\/8"}],"wp:attachment":[{"href":"https:\/\/slitcon.com\/slitting-consulting\/wp-json\/wp\/v2\/media?parent=27"}],"curies":[{"name":"wp","href":"https:\/\/api.w.org\/{rel}","templated":true}]}}