{"id":30,"date":"2015-01-23T16:59:16","date_gmt":"2015-01-23T16:59:16","guid":{"rendered":"http:\/\/slitcon.com\/slitting-consulting\/?page_id=30"},"modified":"2024-09-27T11:16:41","modified_gmt":"2024-09-27T11:16:41","slug":"beratung","status":"publish","type":"page","link":"https:\/\/slitcon.com\/slitting-consulting\/dienstleistungen\/beratung\/","title":{"rendered":"Beratung"},"content":{"rendered":"\n<div class=\"wp-block-columns is-layout-flex wp-container-core-columns-is-layout-9d6595d7 wp-block-columns-is-layout-flex\">\n<div class=\"wp-block-column is-layout-flow wp-block-column-is-layout-flow\">\n<figure class=\"wp-block-image size-large\"><a href=\"https:\/\/slitcon.com\/slitting-consulting\/wp-content\/uploads\/2024\/09\/Slitcon-Projektbetreuung-Beratung_v2.jpg\"><img loading=\"lazy\" decoding=\"async\" width=\"1024\" height=\"576\" src=\"https:\/\/slitcon.com\/slitting-consulting\/wp-content\/uploads\/2024\/09\/Slitcon-Projektbetreuung-Beratung_v2-1024x576.jpg\" alt=\"\" class=\"wp-image-620\" srcset=\"https:\/\/slitcon.com\/slitting-consulting\/wp-content\/uploads\/2024\/09\/Slitcon-Projektbetreuung-Beratung_v2-1024x576.jpg 1024w, https:\/\/slitcon.com\/slitting-consulting\/wp-content\/uploads\/2024\/09\/Slitcon-Projektbetreuung-Beratung_v2-300x169.jpg 300w, https:\/\/slitcon.com\/slitting-consulting\/wp-content\/uploads\/2024\/09\/Slitcon-Projektbetreuung-Beratung_v2-768x432.jpg 768w, https:\/\/slitcon.com\/slitting-consulting\/wp-content\/uploads\/2024\/09\/Slitcon-Projektbetreuung-Beratung_v2.jpg 1366w\" sizes=\"auto, (max-width: 1024px) 100vw, 1024px\" \/><\/a><\/figure>\n<\/div>\n\n\n\n<div class=\"wp-block-column is-vertically-aligned-center is-layout-flow wp-block-column-is-layout-flow\">\n<h4 class=\"wp-block-heading\"><span style=\"color: #000000;\">&#8222;Ihre Probleme m\u00f6chten wir gerne haben!&#8220;<\/span><\/h4>\n<\/div>\n<\/div>\n\n\n\n<div class=\"wp-block-columns is-layout-flex wp-container-core-columns-is-layout-9d6595d7 wp-block-columns-is-layout-flex\">\n<div class=\"wp-block-column is-layout-flow wp-block-column-is-layout-flow\">\n<p><span style=\"color: #333333;\">Neue Materialien, neue Technologien oder ver\u00e4nderte Anforderungen erfordern eine strategische Planung &#8211; auch Ihrer Schneid- und Wickeltechnologie.<\/span><\/p>\n\n\n\n<p><span style=\"color: #333333;\">Wir stellen Ihre vorhandene Infrastruktur auf die Probe und f\u00fchren Pr\u00fcfungen auf Aktualit\u00e4t und Verbesserungsbedarf durch. Wir kalkulieren f\u00fcr Sie den Umfang sinnvoller Ver\u00e4nderungen und Erg\u00e4nzungen.<\/span><\/p>\n<\/div>\n\n\n\n<div class=\"wp-block-column is-layout-flow wp-block-column-is-layout-flow\">\n<p><span style=\"color: #333333;\">Dabei haben wir stets den Anspruch, nicht nur das technisch Machbare aufzuzeigen, sondern auch den Aufwand und die Kosten fest im Blick zu behalten. Unsere Berater kommen aus der Praxis, dass bedeutet sie wissen nicht nur was w\u00fcnschenswert f\u00fcr Ihr Unternehmen ist, sondern auch, ob es effektiv und umsetzbar ist.<\/span><\/p>\n<\/div>\n<\/div>\n","protected":false},"excerpt":{"rendered":"<p>&#8222;Ihre Probleme m\u00f6chten wir gerne haben!&#8220; Neue Materialien, neue Technologien oder ver\u00e4nderte Anforderungen erfordern eine strategische Planung &#8211; auch Ihrer Schneid- und Wickeltechnologie. Wir stellen Ihre vorhandene Infrastruktur auf die Probe und f\u00fchren Pr\u00fcfungen auf Aktualit\u00e4t und Verbesserungsbedarf durch. Wir kalkulieren f\u00fcr Sie den Umfang sinnvoller Ver\u00e4nderungen und Erg\u00e4nzungen. Dabei haben wir stets den Anspruch, nicht nur das technisch Machbare aufzuzeigen, sondern auch den Aufwand und die Kosten fest im Blick zu behalten. Unsere Berater kommen aus der Praxis, dass bedeutet sie wissen nicht nur was w\u00fcnschenswert f\u00fcr Ihr Unternehmen ist, sondern auch, ob es effektiv und umsetzbar ist.<\/p>\n","protected":false},"author":1,"featured_media":0,"parent":8,"menu_order":0,"comment_status":"closed","ping_status":"closed","template":"","meta":{"footnotes":""},"class_list":["post-30","page","type-page","status-publish"],"_links":{"self":[{"href":"https:\/\/slitcon.com\/slitting-consulting\/wp-json\/wp\/v2\/pages\/30","targetHints":{"allow":["GET"]}}],"collection":[{"href":"https:\/\/slitcon.com\/slitting-consulting\/wp-json\/wp\/v2\/pages"}],"about":[{"href":"https:\/\/slitcon.com\/slitting-consulting\/wp-json\/wp\/v2\/types\/page"}],"author":[{"embeddable":true,"href":"https:\/\/slitcon.com\/slitting-consulting\/wp-json\/wp\/v2\/users\/1"}],"replies":[{"embeddable":true,"href":"https:\/\/slitcon.com\/slitting-consulting\/wp-json\/wp\/v2\/comments?post=30"}],"version-history":[{"count":26,"href":"https:\/\/slitcon.com\/slitting-consulting\/wp-json\/wp\/v2\/pages\/30\/revisions"}],"predecessor-version":[{"id":642,"href":"https:\/\/slitcon.com\/slitting-consulting\/wp-json\/wp\/v2\/pages\/30\/revisions\/642"}],"up":[{"embeddable":true,"href":"https:\/\/slitcon.com\/slitting-consulting\/wp-json\/wp\/v2\/pages\/8"}],"wp:attachment":[{"href":"https:\/\/slitcon.com\/slitting-consulting\/wp-json\/wp\/v2\/media?parent=30"}],"curies":[{"name":"wp","href":"https:\/\/api.w.org\/{rel}","templated":true}]}}