{"id":419,"date":"2024-06-13T13:45:35","date_gmt":"2024-06-13T13:45:35","guid":{"rendered":"https:\/\/slitcon.com\/slitting-consulting\/?page_id=419"},"modified":"2026-01-15T10:42:00","modified_gmt":"2026-01-15T10:42:00","slug":"produkte","status":"publish","type":"page","link":"https:\/\/slitcon.com\/slitting-consulting\/produkte\/","title":{"rendered":"Produkte"},"content":{"rendered":"\n<h4 class=\"wp-block-heading\">Innovative und zukunftsweisende L\u00f6sungen<\/h4>\n\n\n\n<div class=\"wp-block-media-text is-stacked-on-mobile\"><figure class=\"wp-block-media-text__media\"><img loading=\"lazy\" decoding=\"async\" width=\"800\" height=\"761\" src=\"https:\/\/slitcon.com\/slitting-consulting\/wp-content\/uploads\/2024\/07\/KI-Winder-Leonardo-da-Vinci.jpg\" alt=\"Rollenwickler, KI-Winder Leonardo da Vinci\" class=\"wp-image-437 size-full\" srcset=\"https:\/\/slitcon.com\/slitting-consulting\/wp-content\/uploads\/2024\/07\/KI-Winder-Leonardo-da-Vinci.jpg 800w, https:\/\/slitcon.com\/slitting-consulting\/wp-content\/uploads\/2024\/07\/KI-Winder-Leonardo-da-Vinci-300x285.jpg 300w, https:\/\/slitcon.com\/slitting-consulting\/wp-content\/uploads\/2024\/07\/KI-Winder-Leonardo-da-Vinci-768x731.jpg 768w\" sizes=\"auto, (max-width: 800px) 100vw, 800px\" \/><\/figure><div class=\"wp-block-media-text__content\">\n<p>Bei der Produktion flexibler Materialbahnen ist eine gleichm\u00e4\u00dfige Bahnspannung, ein exakter Bahnlauf und ein perfektes Schneid- und Wickelergebnis von entscheidender Bedeutung. Immer h\u00f6here Bahngeschwindigkeiten und Qualit\u00e4tsanspr\u00fcche erfordern hochwertige Produkte und Systeme, sowie kompetente Beratung. Innovative und zukunftsweisende L\u00f6sungen tragen hierzu bei und helfen Ihnen bei der Optimierung Ihrer Produktionsprozesse.<\/p>\n\n\n\n<p><\/p>\n<\/div><\/div>\n\n\n\n<div style=\"height:50px\" aria-hidden=\"true\" class=\"wp-block-spacer\"><\/div>\n\n\n\n<h2 class=\"wp-block-heading has-text-align-center\">Produktsparten<\/h2>\n\n\n\n<div class=\"wp-block-columns is-layout-flex wp-container-core-columns-is-layout-9d6595d7 wp-block-columns-is-layout-flex\">\n<div class=\"wp-block-column is-layout-flow wp-block-column-is-layout-flow\"><div class=\"wp-block-image is-style-default\">\n<figure class=\"aligncenter size-full is-resized\"><a href=\"https:\/\/www.mariocotta.com\/lame\/\" target=\"_blank\" rel=\" noreferrer noopener\"><img loading=\"lazy\" decoding=\"async\" width=\"804\" height=\"804\" src=\"https:\/\/slitcon.com\/slitting-consulting\/wp-content\/uploads\/2026\/01\/Blades.png\" alt=\"Blades\" class=\"wp-image-733\" style=\"width:130px\" srcset=\"https:\/\/slitcon.com\/slitting-consulting\/wp-content\/uploads\/2026\/01\/Blades.png 804w, https:\/\/slitcon.com\/slitting-consulting\/wp-content\/uploads\/2026\/01\/Blades-300x300.png 300w, https:\/\/slitcon.com\/slitting-consulting\/wp-content\/uploads\/2026\/01\/Blades-150x150.png 150w, https:\/\/slitcon.com\/slitting-consulting\/wp-content\/uploads\/2026\/01\/Blades-768x768.png 768w\" sizes=\"auto, (max-width: 804px) 100vw, 804px\" \/><\/a><\/figure>\n<\/div>\n\n\n<p class=\"has-text-align-center\"><a href=\"https:\/\/www.mariocotta.com\/lame\/\" data-type=\"link\" data-id=\"https:\/\/www.mariocotta.com\/lame\/\" target=\"_blank\" rel=\"noreferrer noopener\">MESSER<\/a><\/p>\n<\/div>\n\n\n\n<div class=\"wp-block-column is-layout-flow wp-block-column-is-layout-flow\"><div class=\"wp-block-image\">\n<figure class=\"aligncenter size-full is-resized\"><a href=\"https:\/\/www.mariocotta.com\/portacoltelli\/\" target=\"_blank\" rel=\" noreferrer noopener\"><img loading=\"lazy\" decoding=\"async\" width=\"804\" height=\"804\" src=\"https:\/\/slitcon.com\/slitting-consulting\/wp-content\/uploads\/2026\/01\/Knife-holders.png\" alt=\"Knife holders\" class=\"wp-image-734\" style=\"width:130px\" srcset=\"https:\/\/slitcon.com\/slitting-consulting\/wp-content\/uploads\/2026\/01\/Knife-holders.png 804w, https:\/\/slitcon.com\/slitting-consulting\/wp-content\/uploads\/2026\/01\/Knife-holders-300x300.png 300w, https:\/\/slitcon.com\/slitting-consulting\/wp-content\/uploads\/2026\/01\/Knife-holders-150x150.png 150w, https:\/\/slitcon.com\/slitting-consulting\/wp-content\/uploads\/2026\/01\/Knife-holders-768x768.png 768w\" sizes=\"auto, (max-width: 804px) 100vw, 804px\" \/><\/a><\/figure>\n<\/div>\n\n\n<p class=\"has-text-align-center\"><a href=\"https:\/\/www.mariocotta.com\/portacoltelli\/\" data-type=\"link\" data-id=\"https:\/\/www.mariocotta.com\/portacoltelli\/\" target=\"_blank\" rel=\"noreferrer noopener\">MESSERHALTER<\/a><\/p>\n<\/div>\n\n\n\n<div class=\"wp-block-column is-layout-flow wp-block-column-is-layout-flow\"><div class=\"wp-block-image\">\n<figure class=\"aligncenter size-full is-resized\"><a href=\"https:\/\/www.mariocotta.com\/rulli-allargatori\/\" target=\"_blank\" rel=\" noreferrer noopener\"><img loading=\"lazy\" decoding=\"async\" width=\"804\" height=\"804\" src=\"https:\/\/slitcon.com\/slitting-consulting\/wp-content\/uploads\/2026\/01\/Spreader-rollers.png\" alt=\"Spreader rollers\" class=\"wp-image-735\" style=\"width:130px\" srcset=\"https:\/\/slitcon.com\/slitting-consulting\/wp-content\/uploads\/2026\/01\/Spreader-rollers.png 804w, https:\/\/slitcon.com\/slitting-consulting\/wp-content\/uploads\/2026\/01\/Spreader-rollers-300x300.png 300w, https:\/\/slitcon.com\/slitting-consulting\/wp-content\/uploads\/2026\/01\/Spreader-rollers-150x150.png 150w, https:\/\/slitcon.com\/slitting-consulting\/wp-content\/uploads\/2026\/01\/Spreader-rollers-768x768.png 768w\" sizes=\"auto, (max-width: 804px) 100vw, 804px\" \/><\/a><\/figure>\n<\/div>\n\n\n<p class=\"has-text-align-center\"><a href=\"https:\/\/www.mariocotta.com\/rulli-allargatori\/\" data-type=\"link\" data-id=\"https:\/\/www.mariocotta.com\/rulli-allargatori\/\" target=\"_blank\" rel=\"noreferrer noopener\">BREITSTRECKWALZEN<\/a><\/p>\n<\/div>\n\n\n\n<div class=\"wp-block-column is-layout-flow wp-block-column-is-layout-flow\"><div class=\"wp-block-image\">\n<figure class=\"aligncenter size-full is-resized\"><a href=\"https:\/\/www.mariocotta.com\/sistemi-di-taglio\/\" target=\"_blank\" rel=\" noreferrer noopener\"><img loading=\"lazy\" decoding=\"async\" width=\"804\" height=\"804\" src=\"https:\/\/slitcon.com\/slitting-consulting\/wp-content\/uploads\/2026\/01\/Slitting-systems.png\" alt=\"Slitting systems\" class=\"wp-image-736\" style=\"width:130px\" srcset=\"https:\/\/slitcon.com\/slitting-consulting\/wp-content\/uploads\/2026\/01\/Slitting-systems.png 804w, https:\/\/slitcon.com\/slitting-consulting\/wp-content\/uploads\/2026\/01\/Slitting-systems-300x300.png 300w, https:\/\/slitcon.com\/slitting-consulting\/wp-content\/uploads\/2026\/01\/Slitting-systems-150x150.png 150w, https:\/\/slitcon.com\/slitting-consulting\/wp-content\/uploads\/2026\/01\/Slitting-systems-768x768.png 768w\" sizes=\"auto, (max-width: 804px) 100vw, 804px\" \/><\/a><\/figure>\n<\/div>\n\n\n<p class=\"has-text-align-center\"><a href=\"https:\/\/www.mariocotta.com\/sistemi-di-taglio\/\" target=\"_blank\" rel=\"noreferrer noopener\">SCHNEID-SYSTEME<\/a><\/p>\n<\/div>\n\n\n\n<div class=\"wp-block-column is-layout-flow wp-block-column-is-layout-flow\"><div class=\"wp-block-image\">\n<figure class=\"aligncenter size-full is-resized\"><a href=\"https:\/\/www.mariocotta.com\/motori\/\" target=\"_blank\" rel=\" noreferrer noopener\"><img loading=\"lazy\" decoding=\"async\" width=\"804\" height=\"804\" src=\"https:\/\/slitcon.com\/slitting-consulting\/wp-content\/uploads\/2026\/01\/Motors.png\" alt=\"Motors\" class=\"wp-image-737\" style=\"width:130px\" srcset=\"https:\/\/slitcon.com\/slitting-consulting\/wp-content\/uploads\/2026\/01\/Motors.png 804w, https:\/\/slitcon.com\/slitting-consulting\/wp-content\/uploads\/2026\/01\/Motors-300x300.png 300w, https:\/\/slitcon.com\/slitting-consulting\/wp-content\/uploads\/2026\/01\/Motors-150x150.png 150w, https:\/\/slitcon.com\/slitting-consulting\/wp-content\/uploads\/2026\/01\/Motors-768x768.png 768w\" sizes=\"auto, (max-width: 804px) 100vw, 804px\" \/><\/a><\/figure>\n<\/div>\n\n\n<p class=\"has-text-align-center\"><a href=\"https:\/\/www.mariocotta.com\/motori\/\" target=\"_blank\" rel=\"noreferrer noopener\">UNTERMESSER-MOTOREN<\/a><\/p>\n<\/div>\n<\/div>\n\n\n\n<div style=\"height:30px\" aria-hidden=\"true\" class=\"wp-block-spacer\"><\/div>\n\n\n\n<div class=\"wp-block-columns is-layout-flex wp-container-core-columns-is-layout-9d6595d7 wp-block-columns-is-layout-flex\">\n<div class=\"wp-block-column is-layout-flow wp-block-column-is-layout-flow\">\n<p>Unser Bestreben ist eine langfristige und vertrauensvolle Zusammenarbeit mit unseren Kunden. Daf\u00fcr konzentrieren sich unsere Bem\u00fchungen auf L\u00f6sungen, die auf dem neuesten Stand der Technik sind und zu fairen und marktgerechten Preisen angeboten werden.<\/p>\n<\/div>\n\n\n\n<div class=\"wp-block-column is-layout-flow wp-block-column-is-layout-flow\">\n<p><a href=\"mailto:info@slitcon.com\"><strong><span style=\"text-decoration: underline;\">Hier k\u00f6nnen Sie direkt Informationen zu den gew\u00fcnschten<br>Produkten oder ein Angebot anfordern.<\/span><\/strong><\/a><\/p>\n<\/div>\n<\/div>\n\n\n\n<div style=\"height:25px\" aria-hidden=\"true\" class=\"wp-block-spacer\"><\/div>\n\n\n\n<hr class=\"wp-block-separator has-alpha-channel-opacity\"\/>\n\n\n\n<p>&nbsp;<\/p>\n\n\n\n<p class=\"has-text-align-center\">Link zu unserem Partner:<\/p>\n\n\n\n<div class=\"wp-block-columns is-layout-flex wp-container-core-columns-is-layout-9d6595d7 wp-block-columns-is-layout-flex\">\n<div class=\"wp-block-column is-layout-flow wp-block-column-is-layout-flow\"><div class=\"wp-block-image\">\n<figure class=\"aligncenter size-full is-resized\"><img loading=\"lazy\" decoding=\"async\" width=\"477\" height=\"120\" src=\"https:\/\/slitcon.com\/slitting-consulting\/wp-content\/uploads\/2024\/07\/mariocotta.png\" alt=\"\" class=\"wp-image-442\" style=\"width:250px\" srcset=\"https:\/\/slitcon.com\/slitting-consulting\/wp-content\/uploads\/2024\/07\/mariocotta.png 477w, https:\/\/slitcon.com\/slitting-consulting\/wp-content\/uploads\/2024\/07\/mariocotta-300x75.png 300w\" sizes=\"auto, (max-width: 477px) 100vw, 477px\" \/><\/figure>\n<\/div>\n\n\n<p class=\"has-text-align-center\"><a href=\"https:\/\/www.mariocotta.com\/\" target=\"_blank\" rel=\"noreferrer noopener\">Zur Website<\/a><\/p>\n<\/div>\n<\/div>\n","protected":false},"excerpt":{"rendered":"<p>Innovative und zukunftsweisende L\u00f6sungen Bei der Produktion flexibler Materialbahnen ist eine gleichm\u00e4\u00dfige Bahnspannung, ein exakter Bahnlauf und ein perfektes Schneid- und Wickelergebnis von entscheidender Bedeutung. Immer h\u00f6here Bahngeschwindigkeiten und Qualit\u00e4tsanspr\u00fcche erfordern hochwertige Produkte und Systeme, sowie kompetente Beratung. Innovative und zukunftsweisende L\u00f6sungen tragen hierzu bei und helfen Ihnen bei der Optimierung Ihrer Produktionsprozesse. Produktsparten MESSER MESSERHALTER BREITSTRECKWALZEN SCHNEID-SYSTEME UNTERMESSER-MOTOREN Unser Bestreben ist eine langfristige und vertrauensvolle Zusammenarbeit mit unseren Kunden. Daf\u00fcr konzentrieren sich unsere Bem\u00fchungen auf L\u00f6sungen, die auf dem neuesten Stand der Technik sind und zu fairen und marktgerechten Preisen angeboten werden. Hier k\u00f6nnen Sie direkt Informationen zu den gew\u00fcnschtenProdukten oder ein Angebot anfordern. &nbsp; Link zu unserem Partner: Zur Website<\/p>\n","protected":false},"author":1,"featured_media":0,"parent":0,"menu_order":0,"comment_status":"closed","ping_status":"closed","template":"","meta":{"footnotes":""},"class_list":["post-419","page","type-page","status-publish"],"_links":{"self":[{"href":"https:\/\/slitcon.com\/slitting-consulting\/wp-json\/wp\/v2\/pages\/419","targetHints":{"allow":["GET"]}}],"collection":[{"href":"https:\/\/slitcon.com\/slitting-consulting\/wp-json\/wp\/v2\/pages"}],"about":[{"href":"https:\/\/slitcon.com\/slitting-consulting\/wp-json\/wp\/v2\/types\/page"}],"author":[{"embeddable":true,"href":"https:\/\/slitcon.com\/slitting-consulting\/wp-json\/wp\/v2\/users\/1"}],"replies":[{"embeddable":true,"href":"https:\/\/slitcon.com\/slitting-consulting\/wp-json\/wp\/v2\/comments?post=419"}],"version-history":[{"count":70,"href":"https:\/\/slitcon.com\/slitting-consulting\/wp-json\/wp\/v2\/pages\/419\/revisions"}],"predecessor-version":[{"id":763,"href":"https:\/\/slitcon.com\/slitting-consulting\/wp-json\/wp\/v2\/pages\/419\/revisions\/763"}],"wp:attachment":[{"href":"https:\/\/slitcon.com\/slitting-consulting\/wp-json\/wp\/v2\/media?parent=419"}],"curies":[{"name":"wp","href":"https:\/\/api.w.org\/{rel}","templated":true}]}}